{"id":800,"date":"2024-09-12T14:31:12","date_gmt":"2024-09-12T14:31:12","guid":{"rendered":"https:\/\/claudiagapi.onpoint-digitalagentur.de\/faq\/"},"modified":"2024-09-17T15:19:26","modified_gmt":"2024-09-17T15:19:26","slug":"faq","status":"publish","type":"page","link":"https:\/\/claudiagapi.com\/fr\/faq\/","title":{"rendered":"FAQ"},"content":{"rendered":"<p>[et_pb_section fb_built=\u00a0\u00bb1&Prime; custom_padding_last_edited=\u00a0\u00bbon|phone\u00a0\u00bb next_background_color=\u00a0\u00bb#ffffff\u00a0\u00bb _builder_version=\u00a0\u00bb4.22.2&Prime; _module_preset=\u00a0\u00bbdefault\u00a0\u00bb use_background_color_gradient=\u00a0\u00bbon\u00a0\u00bb background_color_gradient_direction=\u00a0\u00bb159deg\u00a0\u00bb background_color_gradient_stops=\u00a0\u00bbrgba(94,94,94,0.7) 15%|rgba(57,79,72,0) 65%\u00a0\u00bb background_color_gradient_overlays_image=\u00a0\u00bbon\u00a0\u00bb background_color_gradient_start=\u00a0\u00bbrgba(65,99,89,0.61)\u00a0\u00bb background_color_gradient_end=\u00a0\u00bbrgba(44,99,82,0.14)\u00a0\u00bb background_image=\u00a0\u00bbhttps:\/\/claudiagapi.com\/wp-content\/uploads\/2024\/09\/Yoga-scaled.jpg\u00a0\u00bb background_enable_video_mp4=\u00a0\u00bboff\u00a0\u00bb min_height=\u00a0\u00bb511px\u00a0\u00bb min_height_tablet=\u00a0\u00bb711px\u00a0\u00bb min_height_phone=\u00a0\u00bb500px\u00a0\u00bb min_height_last_edited=\u00a0\u00bbon|phone\u00a0\u00bb custom_padding=\u00a0\u00bb90px||90px||true|false\u00a0\u00bb custom_padding_tablet=\u00a0\u00bb15vh||15vh||true|false\u00a0\u00bb custom_padding_phone=\u00a0\u00bb20px||20px||true|false\u00a0\u00bb bottom_divider_style=\u00a0\u00bbwave2&Prime; bottom_divider_height=\u00a0\u00bb103px\u00a0\u00bb bottom_divider_flip=\u00a0\u00bbhorizontal\u00a0\u00bb hover_enabled=\u00a0\u00bb0&Prime; background_last_edited=\u00a0\u00bbon|phone\u00a0\u00bb use_background_color_gradient_phone=\u00a0\u00bbon\u00a0\u00bb background_color_gradient_stops_phone=\u00a0\u00bbrgba(94,94,94,0.94) 15%|rgba(57,79,72,0) 77%\u00a0\u00bb locked=\u00a0\u00bboff\u00a0\u00bb global_colors_info=\u00a0\u00bb{}\u00a0\u00bb sticky_enabled=\u00a0\u00bb0&Prime;][et_pb_row column_structure=\u00a0\u00bb3_5,2_5&Prime; use_custom_gutter=\u00a0\u00bbon\u00a0\u00bb make_equal=\u00a0\u00bbon\u00a0\u00bb _builder_version=\u00a0\u00bb4.22.2&Prime; _module_preset=\u00a0\u00bbdefault\u00a0\u00bb positioning=\u00a0\u00bbabsolute\u00a0\u00bb position_origin_a=\u00a0\u00bbcenter_center\u00a0\u00bb width=\u00a0\u00bb90%\u00a0\u00bb width_tablet=\u00a0\u00bb90%\u00a0\u00bb width_phone=\u00a0\u00bb98%\u00a0\u00bb width_last_edited=\u00a0\u00bbon|phone\u00a0\u00bb max_width=\u00a0\u00bb1400px\u00a0\u00bb max_width_tablet=\u00a0\u00bb90%\u00a0\u00bb max_width_phone=\u00a0\u00bb98%\u00a0\u00bb max_width_last_edited=\u00a0\u00bbon|tablet\u00a0\u00bb custom_padding=\u00a0\u00bb0px||0px||true|\u00a0\u00bb global_colors_info=\u00a0\u00bb{}\u00a0\u00bb][et_pb_column type=\u00a0\u00bb3_5&Prime; _builder_version=\u00a0\u00bb4.22.2&Prime; _module_preset=\u00a0\u00bbdefault\u00a0\u00bb background_color=\u00a0\u00bbRGBA(255,255,255,0)\u00a0\u00bb custom_padding=\u00a0\u00bb|30px||30px|false|false\u00a0\u00bb border_radii=\u00a0\u00bbon|10px|10px|10px|10px\u00a0\u00bb global_colors_info=\u00a0\u00bb{}\u00a0\u00bb][et_pb_text _builder_version=\u00a0\u00bb4.22.2&Prime; _module_preset=\u00a0\u00bbdefault\u00a0\u00bb text_text_color=\u00a0\u00bb#61cdb9&Prime; header_font=\u00a0\u00bbNunito|700|||||||\u00a0\u00bb header_text_color=\u00a0\u00bb#FFFFFF\u00a0\u00bb header_font_size=\u00a0\u00bb72px\u00a0\u00bb header_letter_spacing=\u00a0\u00bb-2px\u00a0\u00bb header_2_font=\u00a0\u00bbLibre Caslon Text||||||||\u00a0\u00bb header_2_text_color=\u00a0\u00bb#61cdb9&Prime; header_2_font_size=\u00a0\u00bb55px\u00a0\u00bb header_2_line_height=\u00a0\u00bb1.1em\u00a0\u00bb header_3_font=\u00a0\u00bbLibre Caslon Text||||||||\u00a0\u00bb header_3_text_color=\u00a0\u00bb#61cdb9&Prime; header_3_font_size=\u00a0\u00bb55px\u00a0\u00bb header_3_line_height=\u00a0\u00bb1.1em\u00a0\u00bb header_4_font=\u00a0\u00bbLibre Caslon Text||||||||\u00a0\u00bb header_4_text_color=\u00a0\u00bb#61cdb9&Prime; header_4_font_size=\u00a0\u00bb55px\u00a0\u00bb header_4_line_height=\u00a0\u00bb1.1em\u00a0\u00bb background_enable_color=\u00a0\u00bboff\u00a0\u00bb custom_margin=\u00a0\u00bb0px||14px||false|false\u00a0\u00bb custom_margin_tablet=\u00a0\u00bb-10px||||false|false\u00a0\u00bb custom_margin_phone=\u00a0\u00bb20px||||false|false\u00a0\u00bb custom_margin_last_edited=\u00a0\u00bbon|phone\u00a0\u00bb header_font_size_tablet=\u00a0\u00bb60px\u00a0\u00bb header_font_size_phone=\u00a0\u00bb35px\u00a0\u00bb header_font_size_last_edited=\u00a0\u00bbon|phone\u00a0\u00bb header_line_height_tablet=\u00a0\u00bb\u00a0\u00bb header_line_height_phone=\u00a0\u00bb1.1em\u00a0\u00bb header_line_height_last_edited=\u00a0\u00bbon|phone\u00a0\u00bb header_2_font_size_tablet=\u00a0\u00bb60px\u00a0\u00bb header_2_font_size_phone=\u00a0\u00bb28px\u00a0\u00bb header_2_font_size_last_edited=\u00a0\u00bbon|phone\u00a0\u00bb header_2_line_height_tablet=\u00a0\u00bb1.1em\u00a0\u00bb header_2_line_height_phone=\u00a0\u00bb1.3em\u00a0\u00bb header_2_line_height_last_edited=\u00a0\u00bbon|phone\u00a0\u00bb header_3_font_size_tablet=\u00a0\u00bb60px\u00a0\u00bb header_3_font_size_phone=\u00a0\u00bb28px\u00a0\u00bb header_3_font_size_last_edited=\u00a0\u00bbon|phone\u00a0\u00bb header_3_line_height_tablet=\u00a0\u00bb1.1em\u00a0\u00bb header_3_line_height_phone=\u00a0\u00bb1.3em\u00a0\u00bb header_3_line_height_last_edited=\u00a0\u00bbon|phone\u00a0\u00bb header_4_font_size_tablet=\u00a0\u00bb60px\u00a0\u00bb header_4_font_size_phone=\u00a0\u00bb28px\u00a0\u00bb header_4_font_size_last_edited=\u00a0\u00bbon|phone\u00a0\u00bb header_4_line_height_tablet=\u00a0\u00bb1.1em\u00a0\u00bb header_4_line_height_phone=\u00a0\u00bb1.3em\u00a0\u00bb header_4_line_height_last_edited=\u00a0\u00bbon|phone\u00a0\u00bb header_text_shadow_style=\u00a0\u00bbpreset2&Prime; header_text_shadow_color=\u00a0\u00bbrgba(130,130,130,0.4)\u00a0\u00bb global_colors_info=\u00a0\u00bb{}\u00a0\u00bb]<\/p>\n<h1>FAQ &#8211; Questions fr\u00e9quentes<\/h1>\n<p>[\/et_pb_text][et_pb_text _builder_version=\u00a0\u00bb4.22.2&Prime; _module_preset=\u00a0\u00bbdefault\u00a0\u00bb text_font=\u00a0\u00bbGothic A1|300|||||||\u00a0\u00bb text_text_color=\u00a0\u00bb#FFFFFF\u00a0\u00bb text_font_size=\u00a0\u00bb23px\u00a0\u00bb text_line_height=\u00a0\u00bb1.8em\u00a0\u00bb module_alignment=\u00a0\u00bbcenter\u00a0\u00bb custom_margin=\u00a0\u00bb-12px||||false|false\u00a0\u00bb custom_margin_tablet=\u00a0\u00bb-10px||||false|false\u00a0\u00bb custom_margin_phone=\u00a0\u00bb-12px||||false|false\u00a0\u00bb custom_margin_last_edited=\u00a0\u00bbon|phone\u00a0\u00bb hover_enabled=\u00a0\u00bb0&Prime; text_font_size_tablet=\u00a0\u00bb25px\u00a0\u00bb text_font_size_phone=\u00a0\u00bb14px\u00a0\u00bb text_font_size_last_edited=\u00a0\u00bbon|phone\u00a0\u00bb text_line_height_tablet=\u00a0\u00bb1.8em\u00a0\u00bb text_line_height_phone=\u00a0\u00bb1.4em\u00a0\u00bb text_line_height_last_edited=\u00a0\u00bbon|phone\u00a0\u00bb global_colors_info=\u00a0\u00bb{}\u00a0\u00bb sticky_enabled=\u00a0\u00bb0&Prime;]<\/p>\n<p><span class=\"selectable-text copyable-text\">R\u00e9ponses aux questions les plus fr\u00e9quentes<\/span><\/p>\n<p>[\/et_pb_text][\/et_pb_column][et_pb_column type=\u00a0\u00bb2_5&Prime; _builder_version=\u00a0\u00bb4.16&Prime; _module_preset=\u00a0\u00bbdefault\u00a0\u00bb global_colors_info=\u00a0\u00bb{}\u00a0\u00bb][\/et_pb_column][\/et_pb_row][\/et_pb_section][et_pb_section fb_built=\u00a0\u00bb1&Prime; _builder_version=\u00a0\u00bb4.22.2&Prime; _module_preset=\u00a0\u00bbdefault\u00a0\u00bb custom_padding=\u00a0\u00bb||4px|||\u00a0\u00bb global_colors_info=\u00a0\u00bb{}\u00a0\u00bb][et_pb_row use_custom_gutter=\u00a0\u00bbon\u00a0\u00bb gutter_width=\u00a0\u00bb2&Prime; _builder_version=\u00a0\u00bb4.22.2&Prime; _module_preset=\u00a0\u00bbdefault\u00a0\u00bb width=\u00a0\u00bb85%\u00a0\u00bb custom_margin=\u00a0\u00bb2px|auto|60px|auto|false|false\u00a0\u00bb custom_padding=\u00a0\u00bb||||false|false\u00a0\u00bb global_colors_info=\u00a0\u00bb{}\u00a0\u00bb][et_pb_column type=\u00a0\u00bb4_4&Prime; _builder_version=\u00a0\u00bb4.20.2&Prime; _module_preset=\u00a0\u00bbdefault\u00a0\u00bb global_colors_info=\u00a0\u00bb{}\u00a0\u00bb][dipi_text_highlighter text_highlighter_prefix=\u00a0\u00bbFAQ &#8211;\u00a0\u00bb text_highlighter_text=\u00a0\u00bbG\u00e9n\u00e9ralit\u00e9s\u00a0\u00bb stroke_color=\u00a0\u00bb#61cdb9&Prime; stroke_width=\u00a0\u00bb14px\u00a0\u00bb _builder_version=\u00a0\u00bb4.22.2&Prime; _module_preset=\u00a0\u00bbdefault\u00a0\u00bb all_text_font=\u00a0\u00bbNunito|800|||||||\u00a0\u00bb all_text_text_align=\u00a0\u00bbcenter\u00a0\u00bb all_text_text_color=\u00a0\u00bbrgba(116,140,136,0.87)\u00a0\u00bb all_text_font_size=\u00a0\u00bb40px\u00a0\u00bb all_text_font_size_tablet=\u00a0\u00bb40px\u00a0\u00bb all_text_font_size_phone=\u00a0\u00bb30px\u00a0\u00bb all_text_font_size_last_edited=\u00a0\u00bbon|phone\u00a0\u00bb global_colors_info=\u00a0\u00bb{}\u00a0\u00bb][\/dipi_text_highlighter][dipi_faq faq_categories=\u00a0\u00bb6&Prime; faq_order_by=\u00a0\u00bbdate\u00a0\u00bb faq_layout=\u00a0\u00bbaccordion\u00a0\u00bb accordion_open_first=\u00a0\u00bbon\u00a0\u00bb accordion_close_all=\u00a0\u00bbon\u00a0\u00bb icon_animate=\u00a0\u00bbon\u00a0\u00bb icon_closed=\u00a0\u00bb&#x35;||divi||400&Prime; icon_open=\u00a0\u00bb&#x32;||divi||400&Prime; icon_open_color=\u00a0\u00bb#61CDB9&Prime; icon_closed_color=\u00a0\u00bb#61CDB9&Prime; entry_background_closed=\u00a0\u00bb#f8f7f7&Prime; entry_background_open=\u00a0\u00bb#f8f7f7&Prime; entry_margin_closed=\u00a0\u00bb||15px||false|false\u00a0\u00bb entry_padding_closed=\u00a0\u00bb5px||5px||true|false\u00a0\u00bb _builder_version=\u00a0\u00bb4.22.2&Prime; _module_preset=\u00a0\u00bbdefault\u00a0\u00bb title_closed_font=\u00a0\u00bbNunito|700|||||||\u00a0\u00bb title_closed_text_color=\u00a0\u00bbrgba(116,140,136,0.99)\u00a0\u00bb title_closed_font_size=\u00a0\u00bb19px\u00a0\u00bb title_closed_letter_spacing=\u00a0\u00bb-0.2px\u00a0\u00bb content_closed_font=\u00a0\u00bbPlus Jakarta Sans||||||||\u00a0\u00bb content_closed_text_color=\u00a0\u00bb#6F6E6E\u00a0\u00bb content_closed_font_size=\u00a0\u00bb15px\u00a0\u00bb content_closed_line_height=\u00a0\u00bb1.8em\u00a0\u00bb custom_margin=\u00a0\u00bb60px|||||\u00a0\u00bb title_closed_font_size_tablet=\u00a0\u00bb18px\u00a0\u00bb title_closed_font_size_phone=\u00a0\u00bb16px\u00a0\u00bb title_closed_font_size_last_edited=\u00a0\u00bbon|phone\u00a0\u00bb border_radii_entries_closed=\u00a0\u00bbon|10px|10px|10px|10px\u00a0\u00bb border_color_all_entries_closed=\u00a0\u00bbRGBA(255,255,255,0)\u00a0\u00bb border_color_all_entries_open=\u00a0\u00bb#FFFFFF\u00a0\u00bb global_colors_info=\u00a0\u00bb{}\u00a0\u00bb][\/dipi_faq][\/et_pb_column][\/et_pb_row][et_pb_row _builder_version=\u00a0\u00bb4.22.2&Prime; _module_preset=\u00a0\u00bbdefault\u00a0\u00bb custom_margin=\u00a0\u00bb60px|auto|60px|auto|false|false\u00a0\u00bb global_colors_info=\u00a0\u00bb{}\u00a0\u00bb][et_pb_column type=\u00a0\u00bb4_4&Prime; _builder_version=\u00a0\u00bb4.22.2&Prime; _module_preset=\u00a0\u00bbdefault\u00a0\u00bb global_colors_info=\u00a0\u00bb{}\u00a0\u00bb][dipi_text_highlighter text_highlighter_prefix=\u00a0\u00bbFAQ &#8211;\u00a0\u00bb text_highlighter_text=\u00a0\u00bbH\u00e9bergement &amp; Nuit\u00a0\u00bb stroke_color=\u00a0\u00bb#61cdb9&Prime; stroke_width=\u00a0\u00bb14px\u00a0\u00bb _builder_version=\u00a0\u00bb4.22.2&Prime; _module_preset=\u00a0\u00bbdefault\u00a0\u00bb all_text_font=\u00a0\u00bbNunito|800|||||||\u00a0\u00bb all_text_text_align=\u00a0\u00bbcenter\u00a0\u00bb all_text_text_color=\u00a0\u00bbrgba(116,140,136,0.87)\u00a0\u00bb all_text_font_size=\u00a0\u00bb40px\u00a0\u00bb all_text_font_size_tablet=\u00a0\u00bb40px\u00a0\u00bb all_text_font_size_phone=\u00a0\u00bb30px\u00a0\u00bb all_text_font_size_last_edited=\u00a0\u00bbon|phone\u00a0\u00bb global_colors_info=\u00a0\u00bb{}\u00a0\u00bb][\/dipi_text_highlighter][dipi_faq faq_categories=\u00a0\u00bb7&Prime; faq_order_by=\u00a0\u00bbdate\u00a0\u00bb faq_layout=\u00a0\u00bbaccordion\u00a0\u00bb accordion_open_first=\u00a0\u00bbon\u00a0\u00bb accordion_close_all=\u00a0\u00bbon\u00a0\u00bb icon_animate=\u00a0\u00bbon\u00a0\u00bb icon_closed=\u00a0\u00bb&#x35;||divi||400&Prime; icon_open=\u00a0\u00bb&#x32;||divi||400&Prime; icon_open_color=\u00a0\u00bb#61CDB9&Prime; icon_closed_color=\u00a0\u00bb#61CDB9&Prime; entry_background_closed=\u00a0\u00bb#f8f7f7&Prime; entry_background_open=\u00a0\u00bb#f8f7f7&Prime; entry_margin_closed=\u00a0\u00bb||15px||false|false\u00a0\u00bb entry_padding_closed=\u00a0\u00bb5px||5px||true|false\u00a0\u00bb _builder_version=\u00a0\u00bb4.22.2&Prime; _module_preset=\u00a0\u00bbdefault\u00a0\u00bb title_closed_font=\u00a0\u00bbNunito|700|||||||\u00a0\u00bb title_closed_text_color=\u00a0\u00bbrgba(116,140,136,0.99)\u00a0\u00bb title_closed_font_size=\u00a0\u00bb19px\u00a0\u00bb title_closed_letter_spacing=\u00a0\u00bb-0.2px\u00a0\u00bb content_closed_font=\u00a0\u00bbPlus Jakarta Sans||||||||\u00a0\u00bb content_closed_text_color=\u00a0\u00bb#6F6E6E\u00a0\u00bb content_closed_font_size=\u00a0\u00bb15px\u00a0\u00bb content_closed_line_height=\u00a0\u00bb1.8em\u00a0\u00bb custom_margin=\u00a0\u00bb60px|||||\u00a0\u00bb title_closed_font_size_tablet=\u00a0\u00bb18px\u00a0\u00bb title_closed_font_size_phone=\u00a0\u00bb16px\u00a0\u00bb title_closed_font_size_last_edited=\u00a0\u00bbon|phone\u00a0\u00bb border_radii_entries_closed=\u00a0\u00bbon|10px|10px|10px|10px\u00a0\u00bb border_color_all_entries_closed=\u00a0\u00bbRGBA(255,255,255,0)\u00a0\u00bb border_color_all_entries_open=\u00a0\u00bb#FFFFFF\u00a0\u00bb global_colors_info=\u00a0\u00bb{}\u00a0\u00bb][\/dipi_faq][\/et_pb_column][\/et_pb_row][et_pb_row _builder_version=\u00a0\u00bb4.22.2&Prime; _module_preset=\u00a0\u00bbdefault\u00a0\u00bb custom_margin=\u00a0\u00bb60px|auto|60px|auto|false|false\u00a0\u00bb global_colors_info=\u00a0\u00bb{}\u00a0\u00bb][et_pb_column type=\u00a0\u00bb4_4&Prime; _builder_version=\u00a0\u00bb4.22.2&Prime; _module_preset=\u00a0\u00bbdefault\u00a0\u00bb global_colors_info=\u00a0\u00bb{}\u00a0\u00bb][dipi_text_highlighter text_highlighter_prefix=\u00a0\u00bbFAQ &#8211;\u00a0\u00bb text_highlighter_text=\u00a0\u00bbAteliers\u00a0\u00bb stroke_color=\u00a0\u00bb#61cdb9&Prime; stroke_width=\u00a0\u00bb14px\u00a0\u00bb _builder_version=\u00a0\u00bb4.22.2&Prime; _module_preset=\u00a0\u00bbdefault\u00a0\u00bb all_text_font=\u00a0\u00bbNunito|800|||||||\u00a0\u00bb all_text_text_align=\u00a0\u00bbcenter\u00a0\u00bb all_text_text_color=\u00a0\u00bbrgba(116,140,136,0.87)\u00a0\u00bb all_text_font_size=\u00a0\u00bb40px\u00a0\u00bb all_text_font_size_tablet=\u00a0\u00bb40px\u00a0\u00bb all_text_font_size_phone=\u00a0\u00bb30px\u00a0\u00bb all_text_font_size_last_edited=\u00a0\u00bbon|phone\u00a0\u00bb global_colors_info=\u00a0\u00bb{}\u00a0\u00bb][\/dipi_text_highlighter][dipi_faq faq_categories=\u00a0\u00bb5&Prime; faq_order_by=\u00a0\u00bbdate\u00a0\u00bb faq_layout=\u00a0\u00bbaccordion\u00a0\u00bb accordion_open_first=\u00a0\u00bbon\u00a0\u00bb accordion_close_all=\u00a0\u00bbon\u00a0\u00bb icon_animate=\u00a0\u00bbon\u00a0\u00bb icon_closed=\u00a0\u00bb&#x35;||divi||400&Prime; icon_open=\u00a0\u00bb&#x32;||divi||400&Prime; icon_open_color=\u00a0\u00bb#61CDB9&Prime; icon_closed_color=\u00a0\u00bb#61CDB9&Prime; entry_background_closed=\u00a0\u00bb#f8f7f7&Prime; entry_background_open=\u00a0\u00bb#f8f7f7&Prime; entry_margin_closed=\u00a0\u00bb||15px||false|false\u00a0\u00bb entry_padding_closed=\u00a0\u00bb5px||5px||true|false\u00a0\u00bb _builder_version=\u00a0\u00bb4.22.2&Prime; _module_preset=\u00a0\u00bbdefault\u00a0\u00bb title_closed_font=\u00a0\u00bbNunito|700|||||||\u00a0\u00bb title_closed_text_color=\u00a0\u00bbrgba(116,140,136,0.99)\u00a0\u00bb title_closed_font_size=\u00a0\u00bb19px\u00a0\u00bb title_closed_letter_spacing=\u00a0\u00bb-0.2px\u00a0\u00bb content_closed_font=\u00a0\u00bbPlus Jakarta Sans||||||||\u00a0\u00bb content_closed_text_color=\u00a0\u00bb#6F6E6E\u00a0\u00bb content_closed_font_size=\u00a0\u00bb15px\u00a0\u00bb content_closed_line_height=\u00a0\u00bb1.8em\u00a0\u00bb custom_margin=\u00a0\u00bb60px||60px||false|false\u00a0\u00bb title_closed_font_size_tablet=\u00a0\u00bb18px\u00a0\u00bb title_closed_font_size_phone=\u00a0\u00bb16px\u00a0\u00bb title_closed_font_size_last_edited=\u00a0\u00bbon|phone\u00a0\u00bb border_radii_entries_closed=\u00a0\u00bbon|10px|10px|10px|10px\u00a0\u00bb border_color_all_entries_closed=\u00a0\u00bbRGBA(255,255,255,0)\u00a0\u00bb border_color_all_entries_open=\u00a0\u00bb#FFFFFF\u00a0\u00bb global_colors_info=\u00a0\u00bb{}\u00a0\u00bb][\/dipi_faq][\/et_pb_column][\/et_pb_row][\/et_pb_section]<\/p>\n","protected":false},"excerpt":{"rendered":"<p>FAQ &#8211; Questions fr\u00e9quentesR\u00e9ponses aux questions les plus fr\u00e9quentes<div class=\"et_pb_module dipi_text_highlighter dipi_text_highlighter_0\">\n\t\t\t\t\n\t\t\t\t\n\t\t\t\t\n\t\t\t\t\n\t\t\t\t\n\t\t\t\t\n\t\t\t\t<div class=\"et_pb_module_inner\">\n\t\t\t\t\t<h2 class=\"dipi-highlight-text-wrapper\" data-config=\"{&quot;animation_start&quot;:&quot;in_a_viewport&quot;,&quot;animation_start_viewport&quot;:&quot;75%&quot;,&quot;animation_delay&quot;:&quot;0ms&quot;,&quot;animation_duration&quot;:&quot;800ms&quot;,&quot;delay_after_animation&quot;:&quot;3000ms&quot;,&quot;repeat_mode&quot;:&quot;infinite&quot;,&quot;count_mode&quot;:&quot;everytime_in_viewport&quot;,&quot;animation_repeat_counts&quot;:&quot;3&quot;,&quot;reverse_animation&quot;:&quot;off&quot;,&quot;id&quot;:&quot;dipi_text_highlighter_0_wrapper&quot;}\">\n\t\t\t\t\t<span class=\"dipi-highlight-prefix-text dipi-text-affixes\">FAQ -<\/span><span class=\"dipi-text-highlight-wrapper {&quot;animation_start&quot;:&quot;in_a_viewport&quot;,&quot;animation_start_viewport&quot;:&quot;75%&quot;,&quot;animation_delay&quot;:&quot;0ms&quot;,&quot;animation_duration&quot;:&quot;800ms&quot;,&quot;delay_after_animation&quot;:&quot;3000ms&quot;,&quot;repeat_mode&quot;:&quot;infinite&quot;,&quot;count_mode&quot;:&quot;everytime_in_viewport&quot;,&quot;animation_repeat_counts&quot;:&quot;3&quot;,&quot;reverse_animation&quot;:&quot;off&quot;,&quot;id&quot;:&quot;dipi_text_highlighter_0_wrapper&quot;}\"><span class=\"dipi-text-highlight-text dipi-text-highlight-text\">G\u00e9n\u00e9ralit\u00e9s<\/span><span class=\"dipi-text-highlight-svg\"><svg xmlns=\"http:\/\/www.w3.org\/2000\/svg\" viewBox=\"0 0 500 150\" preserveAspectRatio=\"none\"><path d=\"M7.7,145.6C109,125,299.9,116.2,401,121.3c42.1,2.2,87.6,11.8,87.3,25.7\"><\/path><\/svg><\/span><\/span>\n\t\t\t<\/h2>\n\t\t\t\t<\/div>\n\t\t\t<\/div><div class=\"et_pb_module dipi_faq dipi_faq_0\">\n\t\t\t\t\n\t\t\t\t\n\t\t\t\t\n\t\t\t\t\n\t\t\t\t\n\t\t\t\t\n\t\t\t\t<div class=\"et_pb_module_inner\">\n\t\t\t\t\t<div class=\"dipi-faq-wrapper dipi-faq-\u00bbaccordion loading \" style=\"display: none;\" data-config=\"{&quot;layout&quot;:&quot;\\u00bbaccordion&quot;}\">\n\t\t\t\t<script type=\"application\/ld+json\">{\"@context\":\"https:\\\/\\\/schema.org\",\"@type\":\"FAQPage\",\"@id\":false,\"mainEntity\":[]}<\/script>\n\t\t\t<\/div>\n\t\t\t\t<\/div>\n\t\t\t<\/div><\/p>\n","protected":false},"author":2,"featured_media":0,"parent":0,"menu_order":0,"comment_status":"closed","ping_status":"closed","template":"","meta":{"_et_pb_use_builder":"on","_et_pb_old_content":"","_et_gb_content_width":"","footnotes":""},"dipi_cpt_category":[],"class_list":["post-800","page","type-page","status-publish","hentry"],"yoast_head":"<!-- This site is optimized with the Yoast SEO plugin v27.3 - https:\/\/yoast.com\/product\/yoast-seo-wordpress\/ -->\n<title>FAQ - Claudiagapi<\/title>\n<meta name=\"robots\" content=\"index, follow, max-snippet:-1, max-image-preview:large, max-video-preview:-1\" \/>\n<link rel=\"canonical\" href=\"https:\/\/claudiagapi.com\/fr\/faq\/\" \/>\n<meta property=\"og:locale\" content=\"fr_FR\" \/>\n<meta property=\"og:type\" content=\"article\" \/>\n<meta property=\"og:title\" content=\"FAQ - Claudiagapi\" \/>\n<meta property=\"og:description\" content=\"FAQ - Questions fr\u00e9quentesR\u00e9ponses aux questions les plus fr\u00e9quentes\" \/>\n<meta property=\"og:url\" content=\"https:\/\/claudiagapi.com\/fr\/faq\/\" \/>\n<meta property=\"og:site_name\" content=\"Claudiagapi\" \/>\n<meta property=\"article:modified_time\" content=\"2024-09-17T15:19:26+00:00\" \/>\n<meta name=\"twitter:card\" content=\"summary_large_image\" \/>\n<meta name=\"twitter:label1\" content=\"Dur\u00e9e de lecture estim\u00e9e\" \/>\n\t<meta name=\"twitter:data1\" content=\"7 minutes\" \/>\n<script type=\"application\/ld+json\" class=\"yoast-schema-graph\">{\"@context\":\"https:\\\/\\\/schema.org\",\"@graph\":[{\"@type\":\"WebPage\",\"@id\":\"https:\\\/\\\/claudiagapi.com\\\/fr\\\/faq\\\/\",\"url\":\"https:\\\/\\\/claudiagapi.com\\\/fr\\\/faq\\\/\",\"name\":\"FAQ - Claudiagapi\",\"isPartOf\":{\"@id\":\"https:\\\/\\\/claudiagapi.com\\\/fr\\\/#website\"},\"datePublished\":\"2024-09-12T14:31:12+00:00\",\"dateModified\":\"2024-09-17T15:19:26+00:00\",\"breadcrumb\":{\"@id\":\"https:\\\/\\\/claudiagapi.com\\\/fr\\\/faq\\\/#breadcrumb\"},\"inLanguage\":\"fr-FR\",\"potentialAction\":[{\"@type\":\"ReadAction\",\"target\":[\"https:\\\/\\\/claudiagapi.com\\\/fr\\\/faq\\\/\"]}]},{\"@type\":\"BreadcrumbList\",\"@id\":\"https:\\\/\\\/claudiagapi.com\\\/fr\\\/faq\\\/#breadcrumb\",\"itemListElement\":[{\"@type\":\"ListItem\",\"position\":1,\"name\":\"Startseite\",\"item\":\"https:\\\/\\\/claudiagapi.com\\\/fr\\\/\"},{\"@type\":\"ListItem\",\"position\":2,\"name\":\"FAQ\"}]},{\"@type\":\"WebSite\",\"@id\":\"https:\\\/\\\/claudiagapi.com\\\/fr\\\/#website\",\"url\":\"https:\\\/\\\/claudiagapi.com\\\/fr\\\/\",\"name\":\"Claudiagapi\",\"description\":\"\",\"potentialAction\":[{\"@type\":\"SearchAction\",\"target\":{\"@type\":\"EntryPoint\",\"urlTemplate\":\"https:\\\/\\\/claudiagapi.com\\\/fr\\\/?s={search_term_string}\"},\"query-input\":{\"@type\":\"PropertyValueSpecification\",\"valueRequired\":true,\"valueName\":\"search_term_string\"}}],\"inLanguage\":\"fr-FR\"}]}<\/script>\n<!-- \/ Yoast SEO plugin. -->","yoast_head_json":{"title":"FAQ - Claudiagapi","robots":{"index":"index","follow":"follow","max-snippet":"max-snippet:-1","max-image-preview":"max-image-preview:large","max-video-preview":"max-video-preview:-1"},"canonical":"https:\/\/claudiagapi.com\/fr\/faq\/","og_locale":"fr_FR","og_type":"article","og_title":"FAQ - Claudiagapi","og_description":"FAQ - Questions fr\u00e9quentesR\u00e9ponses aux questions les plus fr\u00e9quentes","og_url":"https:\/\/claudiagapi.com\/fr\/faq\/","og_site_name":"Claudiagapi","article_modified_time":"2024-09-17T15:19:26+00:00","twitter_card":"summary_large_image","twitter_misc":{"Dur\u00e9e de lecture estim\u00e9e":"7 minutes"},"schema":{"@context":"https:\/\/schema.org","@graph":[{"@type":"WebPage","@id":"https:\/\/claudiagapi.com\/fr\/faq\/","url":"https:\/\/claudiagapi.com\/fr\/faq\/","name":"FAQ - Claudiagapi","isPartOf":{"@id":"https:\/\/claudiagapi.com\/fr\/#website"},"datePublished":"2024-09-12T14:31:12+00:00","dateModified":"2024-09-17T15:19:26+00:00","breadcrumb":{"@id":"https:\/\/claudiagapi.com\/fr\/faq\/#breadcrumb"},"inLanguage":"fr-FR","potentialAction":[{"@type":"ReadAction","target":["https:\/\/claudiagapi.com\/fr\/faq\/"]}]},{"@type":"BreadcrumbList","@id":"https:\/\/claudiagapi.com\/fr\/faq\/#breadcrumb","itemListElement":[{"@type":"ListItem","position":1,"name":"Startseite","item":"https:\/\/claudiagapi.com\/fr\/"},{"@type":"ListItem","position":2,"name":"FAQ"}]},{"@type":"WebSite","@id":"https:\/\/claudiagapi.com\/fr\/#website","url":"https:\/\/claudiagapi.com\/fr\/","name":"Claudiagapi","description":"","potentialAction":[{"@type":"SearchAction","target":{"@type":"EntryPoint","urlTemplate":"https:\/\/claudiagapi.com\/fr\/?s={search_term_string}"},"query-input":{"@type":"PropertyValueSpecification","valueRequired":true,"valueName":"search_term_string"}}],"inLanguage":"fr-FR"}]}},"_links":{"self":[{"href":"https:\/\/claudiagapi.com\/fr\/wp-json\/wp\/v2\/pages\/800","targetHints":{"allow":["GET"]}}],"collection":[{"href":"https:\/\/claudiagapi.com\/fr\/wp-json\/wp\/v2\/pages"}],"about":[{"href":"https:\/\/claudiagapi.com\/fr\/wp-json\/wp\/v2\/types\/page"}],"author":[{"embeddable":true,"href":"https:\/\/claudiagapi.com\/fr\/wp-json\/wp\/v2\/users\/2"}],"replies":[{"embeddable":true,"href":"https:\/\/claudiagapi.com\/fr\/wp-json\/wp\/v2\/comments?post=800"}],"version-history":[{"count":10,"href":"https:\/\/claudiagapi.com\/fr\/wp-json\/wp\/v2\/pages\/800\/revisions"}],"predecessor-version":[{"id":842,"href":"https:\/\/claudiagapi.com\/fr\/wp-json\/wp\/v2\/pages\/800\/revisions\/842"}],"wp:attachment":[{"href":"https:\/\/claudiagapi.com\/fr\/wp-json\/wp\/v2\/media?parent=800"}],"wp:term":[{"taxonomy":"dipi_cpt_category","embeddable":true,"href":"https:\/\/claudiagapi.com\/fr\/wp-json\/wp\/v2\/dipi_cpt_category?post=800"}],"curies":[{"name":"wp","href":"https:\/\/api.w.org\/{rel}","templated":true}]}}