{"id":826,"date":"2023-07-28T08:39:48","date_gmt":"2023-07-28T08:39:48","guid":{"rendered":"https:\/\/claudiagapi.onpoint-digitalagentur.de\/a-propos-de-nous\/"},"modified":"2025-08-22T15:30:59","modified_gmt":"2025-08-22T15:30:59","slug":"ueber-uns","status":"publish","type":"page","link":"https:\/\/claudiagapi.com\/fr\/ueber-uns\/","title":{"rendered":"\u00c0 propos de nous"},"content":{"rendered":"<p>[et_pb_section fb_built=\u00a0\u00bb1&Prime; custom_padding_last_edited=\u00a0\u00bbon|phone\u00a0\u00bb next_background_color=\u00a0\u00bb#ffffff\u00a0\u00bb _builder_version=\u00a0\u00bb4.22.2&Prime; _module_preset=\u00a0\u00bbdefault\u00a0\u00bb use_background_color_gradient=\u00a0\u00bbon\u00a0\u00bb background_color_gradient_direction=\u00a0\u00bb159deg\u00a0\u00bb background_color_gradient_stops=\u00a0\u00bbrgba(94,94,94,0.7) 15%|rgba(57,79,72,0) 65%\u00a0\u00bb background_color_gradient_overlays_image=\u00a0\u00bbon\u00a0\u00bb background_color_gradient_start=\u00a0\u00bbrgba(65,99,89,0.61)\u00a0\u00bb background_color_gradient_end=\u00a0\u00bbrgba(44,99,82,0.14)\u00a0\u00bb background_image=\u00a0\u00bbhttps:\/\/claudiagapi.com\/wp-content\/uploads\/2024\/09\/2024-09-03-19.28.57-scaled.jpg\u00a0\u00bb background_enable_video_mp4=\u00a0\u00bboff\u00a0\u00bb min_height=\u00a0\u00bb711px\u00a0\u00bb min_height_tablet=\u00a0\u00bb711px\u00a0\u00bb min_height_phone=\u00a0\u00bb500px\u00a0\u00bb min_height_last_edited=\u00a0\u00bbon|phone\u00a0\u00bb custom_padding=\u00a0\u00bb100px||100px||true|false\u00a0\u00bb custom_padding_tablet=\u00a0\u00bb15vh||15vh||true|false\u00a0\u00bb custom_padding_phone=\u00a0\u00bb20px||20px||true|false\u00a0\u00bb bottom_divider_style=\u00a0\u00bbwave2&Prime; bottom_divider_height=\u00a0\u00bb103px\u00a0\u00bb bottom_divider_flip=\u00a0\u00bbhorizontal\u00a0\u00bb background_last_edited=\u00a0\u00bbon|phone\u00a0\u00bb use_background_color_gradient_phone=\u00a0\u00bbon\u00a0\u00bb background_color_gradient_stops_phone=\u00a0\u00bbrgba(94,94,94,0.94) 15%|rgba(57,79,72,0) 77%\u00a0\u00bb locked=\u00a0\u00bboff\u00a0\u00bb global_colors_info=\u00a0\u00bb{}\u00a0\u00bb][et_pb_row column_structure=\u00a0\u00bb3_5,2_5&Prime; use_custom_gutter=\u00a0\u00bbon\u00a0\u00bb make_equal=\u00a0\u00bbon\u00a0\u00bb _builder_version=\u00a0\u00bb4.22.2&Prime; _module_preset=\u00a0\u00bbdefault\u00a0\u00bb positioning=\u00a0\u00bbabsolute\u00a0\u00bb position_origin_a=\u00a0\u00bbcenter_center\u00a0\u00bb width=\u00a0\u00bb90%\u00a0\u00bb width_tablet=\u00a0\u00bb90%\u00a0\u00bb width_phone=\u00a0\u00bb98%\u00a0\u00bb width_last_edited=\u00a0\u00bbon|phone\u00a0\u00bb max_width=\u00a0\u00bb1400px\u00a0\u00bb max_width_tablet=\u00a0\u00bb90%\u00a0\u00bb max_width_phone=\u00a0\u00bb98%\u00a0\u00bb max_width_last_edited=\u00a0\u00bbon|tablet\u00a0\u00bb custom_padding=\u00a0\u00bb0px||0px||true|\u00a0\u00bb global_colors_info=\u00a0\u00bb{}\u00a0\u00bb][et_pb_column type=\u00a0\u00bb3_5&Prime; _builder_version=\u00a0\u00bb4.22.2&Prime; _module_preset=\u00a0\u00bbdefault\u00a0\u00bb background_color=\u00a0\u00bbRGBA(255,255,255,0)\u00a0\u00bb custom_padding=\u00a0\u00bb|30px||30px|false|false\u00a0\u00bb border_radii=\u00a0\u00bbon|10px|10px|10px|10px\u00a0\u00bb global_colors_info=\u00a0\u00bb{}\u00a0\u00bb][et_pb_text _builder_version=\u00a0\u00bb4.22.2&Prime; _module_preset=\u00a0\u00bbdefault\u00a0\u00bb text_text_color=\u00a0\u00bb#61cdb9&Prime; header_font=\u00a0\u00bbNunito|700|||||||\u00a0\u00bb header_text_color=\u00a0\u00bb#FFFFFF\u00a0\u00bb header_font_size=\u00a0\u00bb72px\u00a0\u00bb header_letter_spacing=\u00a0\u00bb-2px\u00a0\u00bb header_2_font=\u00a0\u00bbLibre Caslon Text||||||||\u00a0\u00bb header_2_text_color=\u00a0\u00bb#61cdb9&Prime; header_2_font_size=\u00a0\u00bb55px\u00a0\u00bb header_2_line_height=\u00a0\u00bb1.1em\u00a0\u00bb header_3_font=\u00a0\u00bbLibre Caslon Text||||||||\u00a0\u00bb header_3_text_color=\u00a0\u00bb#61cdb9&Prime; header_3_font_size=\u00a0\u00bb55px\u00a0\u00bb header_3_line_height=\u00a0\u00bb1.1em\u00a0\u00bb header_4_font=\u00a0\u00bbLibre Caslon Text||||||||\u00a0\u00bb header_4_text_color=\u00a0\u00bb#61cdb9&Prime; header_4_font_size=\u00a0\u00bb55px\u00a0\u00bb header_4_line_height=\u00a0\u00bb1.1em\u00a0\u00bb background_enable_color=\u00a0\u00bboff\u00a0\u00bb custom_margin=\u00a0\u00bb0px||14px||false|false\u00a0\u00bb custom_margin_tablet=\u00a0\u00bb-10px||||false|false\u00a0\u00bb custom_margin_phone=\u00a0\u00bb20px||||false|false\u00a0\u00bb custom_margin_last_edited=\u00a0\u00bbon|phone\u00a0\u00bb header_font_size_tablet=\u00a0\u00bb60px\u00a0\u00bb header_font_size_phone=\u00a0\u00bb35px\u00a0\u00bb header_font_size_last_edited=\u00a0\u00bbon|phone\u00a0\u00bb header_line_height_tablet=\u00a0\u00bb\u00a0\u00bb header_line_height_phone=\u00a0\u00bb1.1em\u00a0\u00bb header_line_height_last_edited=\u00a0\u00bbon|phone\u00a0\u00bb header_2_font_size_tablet=\u00a0\u00bb60px\u00a0\u00bb header_2_font_size_phone=\u00a0\u00bb28px\u00a0\u00bb header_2_font_size_last_edited=\u00a0\u00bbon|phone\u00a0\u00bb header_2_line_height_tablet=\u00a0\u00bb1.1em\u00a0\u00bb header_2_line_height_phone=\u00a0\u00bb1.3em\u00a0\u00bb header_2_line_height_last_edited=\u00a0\u00bbon|phone\u00a0\u00bb header_3_font_size_tablet=\u00a0\u00bb60px\u00a0\u00bb header_3_font_size_phone=\u00a0\u00bb28px\u00a0\u00bb header_3_font_size_last_edited=\u00a0\u00bbon|phone\u00a0\u00bb header_3_line_height_tablet=\u00a0\u00bb1.1em\u00a0\u00bb header_3_line_height_phone=\u00a0\u00bb1.3em\u00a0\u00bb header_3_line_height_last_edited=\u00a0\u00bbon|phone\u00a0\u00bb header_4_font_size_tablet=\u00a0\u00bb60px\u00a0\u00bb header_4_font_size_phone=\u00a0\u00bb28px\u00a0\u00bb header_4_font_size_last_edited=\u00a0\u00bbon|phone\u00a0\u00bb header_4_line_height_tablet=\u00a0\u00bb1.1em\u00a0\u00bb header_4_line_height_phone=\u00a0\u00bb1.3em\u00a0\u00bb header_4_line_height_last_edited=\u00a0\u00bbon|phone\u00a0\u00bb header_text_shadow_style=\u00a0\u00bbpreset2&Prime; header_text_shadow_color=\u00a0\u00bbrgba(130,130,130,0.4)\u00a0\u00bb global_colors_info=\u00a0\u00bb{}\u00a0\u00bb]<\/p>\n<h1>Notre centre de retraite ClaudiAgapi<\/h1>\n<p>[\/et_pb_text][et_pb_text _builder_version=\u00a0\u00bb4.22.2&Prime; _module_preset=\u00a0\u00bbdefault\u00a0\u00bb text_font=\u00a0\u00bbGothic A1|300|||||||\u00a0\u00bb text_text_color=\u00a0\u00bb#FFFFFF\u00a0\u00bb text_font_size=\u00a0\u00bb23px\u00a0\u00bb text_line_height=\u00a0\u00bb1.8em\u00a0\u00bb module_alignment=\u00a0\u00bbcenter\u00a0\u00bb custom_margin=\u00a0\u00bb-12px||||false|false\u00a0\u00bb custom_margin_tablet=\u00a0\u00bb-10px||||false|false\u00a0\u00bb custom_margin_phone=\u00a0\u00bb-12px||||false|false\u00a0\u00bb custom_margin_last_edited=\u00a0\u00bbon|phone\u00a0\u00bb text_font_size_tablet=\u00a0\u00bb25px\u00a0\u00bb text_font_size_phone=\u00a0\u00bb14px\u00a0\u00bb text_font_size_last_edited=\u00a0\u00bbon|phone\u00a0\u00bb text_line_height_tablet=\u00a0\u00bb1.8em\u00a0\u00bb text_line_height_phone=\u00a0\u00bb1.4em\u00a0\u00bb text_line_height_last_edited=\u00a0\u00bbon|phone\u00a0\u00bb global_colors_info=\u00a0\u00bb{}\u00a0\u00bb]<\/p>\n<p><span class=\"selectable-text copyable-text\">.<\/span><\/p>\n<p>[\/et_pb_text][\/et_pb_column][et_pb_column type=\u00a0\u00bb2_5&Prime; _builder_version=\u00a0\u00bb4.16&Prime; _module_preset=\u00a0\u00bbdefault\u00a0\u00bb global_colors_info=\u00a0\u00bb{}\u00a0\u00bb][\/et_pb_column][\/et_pb_row][\/et_pb_section][et_pb_section fb_built=\u00a0\u00bb1&Prime; _builder_version=\u00a0\u00bb4.22.2&Prime; _module_preset=\u00a0\u00bbdefault\u00a0\u00bb custom_padding=\u00a0\u00bb||4px|||\u00a0\u00bb locked=\u00a0\u00bboff\u00a0\u00bb global_colors_info=\u00a0\u00bb{}\u00a0\u00bb][et_pb_row _builder_version=\u00a0\u00bb4.22.2&Prime; _module_preset=\u00a0\u00bbdefault\u00a0\u00bb global_colors_info=\u00a0\u00bb{}\u00a0\u00bb][et_pb_column type=\u00a0\u00bb4_4&Prime; _builder_version=\u00a0\u00bb4.22.2&Prime; _module_preset=\u00a0\u00bbdefault\u00a0\u00bb global_colors_info=\u00a0\u00bb{}\u00a0\u00bb][dipi_text_highlighter text_highlighter_prefix=\u00a0\u00bb\u00c0 propos\u00a0\u00bb text_highlighter_text=\u00a0\u00bbde nous\u00a0\u00bb stroke_color=\u00a0\u00bb#61cdb9&Prime; stroke_width=\u00a0\u00bb14px\u00a0\u00bb _builder_version=\u00a0\u00bb4.27.4&Prime; _module_preset=\u00a0\u00bbdefault\u00a0\u00bb all_text_font=\u00a0\u00bbNunito|800|||||||\u00a0\u00bb all_text_text_align=\u00a0\u00bbleft\u00a0\u00bb all_text_text_color=\u00a0\u00bbrgba(116,140,136,0.87)\u00a0\u00bb all_text_font_size=\u00a0\u00bb40px\u00a0\u00bb all_text_font_size_tablet=\u00a0\u00bb40px\u00a0\u00bb all_text_font_size_phone=\u00a0\u00bb30px\u00a0\u00bb all_text_font_size_last_edited=\u00a0\u00bbon|phone\u00a0\u00bb global_colors_info=\u00a0\u00bb{}\u00a0\u00bb][\/dipi_text_highlighter][et_pb_text _builder_version=\u00a0\u00bb4.27.4&Prime; _module_preset=\u00a0\u00bbdefault\u00a0\u00bb text_font=\u00a0\u00bb||||||||\u00a0\u00bb text_text_color=\u00a0\u00bbrgba(116,140,136,0.87)\u00a0\u00bb text_font_size=\u00a0\u00bb16px\u00a0\u00bb text_line_height=\u00a0\u00bb1.6em\u00a0\u00bb width_tablet=\u00a0\u00bb80%\u00a0\u00bb width_phone=\u00a0\u00bb100%\u00a0\u00bb width_last_edited=\u00a0\u00bbon|tablet\u00a0\u00bb max_width_tablet=\u00a0\u00bb\u00a0\u00bb max_width_phone=\u00a0\u00bb100%\u00a0\u00bb max_width_last_edited=\u00a0\u00bbon|phone\u00a0\u00bb custom_margin=\u00a0\u00bb0px||3px||false|false\u00a0\u00bb custom_margin_tablet=\u00a0\u00bb-7px||0px||false|false\u00a0\u00bb custom_margin_phone=\u00a0\u00bb0px||0px||false|false\u00a0\u00bb custom_margin_last_edited=\u00a0\u00bbon|tablet\u00a0\u00bb custom_padding=\u00a0\u00bb0px||0px||false|false\u00a0\u00bb text_orientation_tablet=\u00a0\u00bbcenter\u00a0\u00bb text_orientation_phone=\u00a0\u00bbcenter\u00a0\u00bb text_orientation_last_edited=\u00a0\u00bbon|tablet\u00a0\u00bb module_alignment_tablet=\u00a0\u00bbcenter\u00a0\u00bb module_alignment_phone=\u00a0\u00bbcenter\u00a0\u00bb module_alignment_last_edited=\u00a0\u00bbon|phone\u00a0\u00bb global_colors_info=\u00a0\u00bb{}\u00a0\u00bb]<\/p>\n<p>Nous vous pr\u00e9sentons notre nouveau centre de retraite ClaudiAgapi \u00e0 Agios Stefanos, pr\u00e8s d&rsquo;Arillas, \u00e0 Corfou, en Gr\u00e8ce. Un endroit merveilleux pour vos vacances, vos ateliers, vos \u00e9v\u00e9nements, votre yoga, votre m\u00e9ditation et vos r\u00e9unions entre amis et en famille.<\/p>\n<p>Nous vous proposons des studios et des appartements pour vous h\u00e9berger. Les groupes peuvent y organiser leurs retraites directement sur place pour leurs ateliers. Pour cela, nous disposons d&rsquo;une plateforme de 500 m\u00b2 au milieu des oliveraies, juste \u00e0 c\u00f4t\u00e9 de la maison, pour le yoga, la m\u00e9ditation, les \u00e9v\u00e9nements, les conf\u00e9rences, les concerts, la biodanza et la danse extatique. Notre terrasse Sunset Sky, situ\u00e9e sur le toit, offre une vue panoramique \u00e0 360 degr\u00e9s sur la mer et le paysage avec ses oliveraies. Notre terrasse SkyTerrasse mesure 100 m\u00b2 et dispose d&rsquo;une pergola ombrag\u00e9e de 50 m\u00b2. Vous pouvez y assister au coucher du soleil, qui est chaque jour diff\u00e9rent et toujours particuli\u00e8rement impressionnant, lors d&rsquo;un atelier, d&rsquo;une r\u00e9union entre amis ou d&rsquo;un petit concert.<\/p>\n<p>Notre centre de retraite est situ\u00e9 \u00e0 proximit\u00e9 de l&rsquo;une des plus belles plages de Corfou. Un sentier p\u00e9destre de 300 m\u00e8tres m\u00e8ne directement \u00e0 la longue et large plage de sable. Vous trouverez de nombreuses petites tavernes, restaurants, caf\u00e9s, supermarch\u00e9s, pharmacies et divers magasins dans le village, ainsi que des services de location de voitures, quads, scooters et v\u00e9los (\u00e9lectriques).<\/p>\n<p>Chez nous, vous pouvez vous retrouver et faire des rencontres, mais aussi s\u00e9journer dans nos chambres r\u00e9cemment r\u00e9nov\u00e9es avec coin cuisine, balcon\/terrasse, climatisation, Wi-Fi et moustiquaires.<\/p>\n<p>Une grande piscine avec bar est \u00e0 votre disposition juste \u00e0 c\u00f4t\u00e9. Pour ceux qui souhaitent pr\u00e9parer leurs repas, chaque appartement dispose d&rsquo;un coin cuisine \u00e9quip\u00e9. Nous proposons volontiers le petit-d\u00e9jeuner, le d\u00e9jeuner et le d\u00eener pour les groupes sur demande.<\/p>\n<p>Vous profiterez de la journ\u00e9e, de la nature et de la mer en toute d\u00e9tente. Vous adorerez l&rsquo;\u00eele verte de Corfou avec sa nature merveilleuse et vari\u00e9e, et ses nombreuses esp\u00e8ces de papillons. Les Grecs de Corfou, aimables et pr\u00e9venants, feront le reste pour que vous n&rsquo;ayez plus envie de repartir.<\/p>\n<p>Notre centre de retraite ClaudiAgapi est situ\u00e9 au nord-est de Corfou. Agios Stefanos est l&rsquo;une des trois baies particuli\u00e8rement belles situ\u00e9es les unes \u00e0 c\u00f4t\u00e9 des autres : Agios Georgios, Arillas et Agios Stefanos. Dans cette r\u00e9gion, des ateliers de yoga, de m\u00e9ditation, de pleine conscience, de chant, de tir \u00e0 l&rsquo;arc, de danse, etc. sont r\u00e9guli\u00e8rement propos\u00e9s.<\/p>\n<p>Il existe de magnifiques sentiers de randonn\u00e9e offrant une vue imprenable sur le paysage, les falaises et la mer, ainsi que des tavernes accueillantes o\u00f9 faire une pause. Vous pouvez \u00e9galement simplement profiter du soleil sur la plage et vous baigner dans la mer. Les excursions en bateau dans les lagons bleus et les visites de la capitale Kerkyra offrent \u00e9galement une alternative agr\u00e9able et int\u00e9ressante.<\/p>\n<p>Notre \u00e9quipe, Claudia et Simone, est install\u00e9e depuis plusieurs ann\u00e9es ici \u00e0 Corfou, dans la r\u00e9gion d&rsquo;Arillas \/ Agios Stefanos, et est enchant\u00e9e par le paysage, les habitants grecs extr\u00eamement sympathiques et, bien s\u00fbr, le climat. Nous nous r\u00e9jouissons de vous accueillir bient\u00f4t chez nous, au ClaudiAgapi Retreat. Au fil des ans, Agios Stefanos s&rsquo;est de plus en plus impos\u00e9 comme un lieu id\u00e9al pour les retraites, les \u00e9v\u00e9nements, les concerts et les ateliers. Cela nous a inspir\u00e9s \u00e0 cr\u00e9er un centre de retraite qui vous offre la possibilit\u00e9 de vivre ensemble et de poursuivre plus intens\u00e9ment votre objectif commun.<\/p>\n<p>Nous nous r\u00e9jouissons de vous accueillir bient\u00f4t au ClaudiAgapi Retreat Center sur l&rsquo;\u00eele verdoyante de Corfou !<\/p>\n<p style=\"text-align: center;\"><span class=\"selectable-text copyable-text\"><\/span><\/p>\n<p>[\/et_pb_text][\/et_pb_column][\/et_pb_row][\/et_pb_section]<\/p>\n","protected":false},"excerpt":{"rendered":"<p>Notre centre de retraite ClaudiAgapi.<div class=\"et_pb_module dipi_text_highlighter dipi_text_highlighter_0\">\n\t\t\t\t\n\t\t\t\t\n\t\t\t\t\n\t\t\t\t\n\t\t\t\t\n\t\t\t\t\n\t\t\t\t<div class=\"et_pb_module_inner\">\n\t\t\t\t\t<h2 class=\"dipi-highlight-text-wrapper\" data-config=\"{&quot;animation_start&quot;:&quot;in_a_viewport&quot;,&quot;animation_start_viewport&quot;:&quot;75%&quot;,&quot;animation_delay&quot;:&quot;0ms&quot;,&quot;animation_duration&quot;:&quot;800ms&quot;,&quot;delay_after_animation&quot;:&quot;3000ms&quot;,&quot;repeat_mode&quot;:&quot;infinite&quot;,&quot;count_mode&quot;:&quot;everytime_in_viewport&quot;,&quot;animation_repeat_counts&quot;:&quot;3&quot;,&quot;reverse_animation&quot;:&quot;off&quot;,&quot;id&quot;:&quot;dipi_text_highlighter_0_wrapper&quot;}\">\n\t\t\t\t\t<span class=\"dipi-highlight-prefix-text dipi-text-affixes\">\u00c0 propos<\/span><span class=\"dipi-text-highlight-wrapper {&quot;animation_start&quot;:&quot;in_a_viewport&quot;,&quot;animation_start_viewport&quot;:&quot;75%&quot;,&quot;animation_delay&quot;:&quot;0ms&quot;,&quot;animation_duration&quot;:&quot;800ms&quot;,&quot;delay_after_animation&quot;:&quot;3000ms&quot;,&quot;repeat_mode&quot;:&quot;infinite&quot;,&quot;count_mode&quot;:&quot;everytime_in_viewport&quot;,&quot;animation_repeat_counts&quot;:&quot;3&quot;,&quot;reverse_animation&quot;:&quot;off&quot;,&quot;id&quot;:&quot;dipi_text_highlighter_0_wrapper&quot;}\"><span class=\"dipi-text-highlight-text dipi-text-highlight-text\">de nous<\/span><span class=\"dipi-text-highlight-svg\"><svg xmlns=\"http:\/\/www.w3.org\/2000\/svg\" viewBox=\"0 0 500 150\" preserveAspectRatio=\"none\"><path d=\"M7.7,145.6C109,125,299.9,116.2,401,121.3c42.1,2.2,87.6,11.8,87.3,25.7\"><\/path><\/svg><\/span><\/span>\n\t\t\t<\/h2>\n\t\t\t\t<\/div>\n\t\t\t<\/div>Nous vous pr\u00e9sentons notre nouveau centre de retraite ClaudiAgapi \u00e0 Agios Stefanos, pr\u00e8s d&rsquo;Arillas, \u00e0 Corfou, en Gr\u00e8ce. Un endroit merveilleux pour vos vacances, vos ateliers, vos \u00e9v\u00e9nements, votre yoga, votre m\u00e9ditation et vos r\u00e9unions [&hellip;]<\/p>\n","protected":false},"author":2,"featured_media":0,"parent":0,"menu_order":0,"comment_status":"closed","ping_status":"closed","template":"","meta":{"_et_pb_use_builder":"on","_et_pb_old_content":"","_et_gb_content_width":"","footnotes":""},"dipi_cpt_category":[],"class_list":["post-826","page","type-page","status-publish","hentry"],"yoast_head":"<!-- This site is optimized with the Yoast SEO plugin v27.4 - https:\/\/yoast.com\/product\/yoast-seo-wordpress\/ -->\n<title>\u00c0 propos de nous - Claudiagapi<\/title>\n<meta name=\"robots\" content=\"index, follow, max-snippet:-1, max-image-preview:large, max-video-preview:-1\" \/>\n<link rel=\"canonical\" href=\"https:\/\/claudiagapi.com\/fr\/ueber-uns\/\" \/>\n<meta property=\"og:locale\" content=\"fr_FR\" \/>\n<meta property=\"og:type\" content=\"article\" \/>\n<meta property=\"og:title\" content=\"\u00c0 propos de nous - Claudiagapi\" \/>\n<meta property=\"og:description\" content=\"Notre centre de retraite ClaudiAgapi.Nous vous pr\u00e9sentons notre nouveau centre de retraite ClaudiAgapi \u00e0 Agios Stefanos, pr\u00e8s d&#039;Arillas, \u00e0 Corfou, en Gr\u00e8ce. Un endroit merveilleux pour vos vacances, vos ateliers, vos \u00e9v\u00e9nements, votre yoga, votre m\u00e9ditation et vos r\u00e9unions [&hellip;]\" \/>\n<meta property=\"og:url\" content=\"https:\/\/claudiagapi.com\/fr\/ueber-uns\/\" \/>\n<meta property=\"og:site_name\" content=\"Claudiagapi\" \/>\n<meta property=\"article:modified_time\" content=\"2025-08-22T15:30:59+00:00\" \/>\n<meta name=\"twitter:card\" content=\"summary_large_image\" \/>\n<meta name=\"twitter:label1\" content=\"Dur\u00e9e de lecture estim\u00e9e\" \/>\n\t<meta name=\"twitter:data1\" content=\"3 minutes\" \/>\n<script type=\"application\/ld+json\" class=\"yoast-schema-graph\">{\"@context\":\"https:\\\/\\\/schema.org\",\"@graph\":[{\"@type\":\"WebPage\",\"@id\":\"https:\\\/\\\/claudiagapi.com\\\/fr\\\/ueber-uns\\\/\",\"url\":\"https:\\\/\\\/claudiagapi.com\\\/fr\\\/ueber-uns\\\/\",\"name\":\"\u00c0 propos de nous - Claudiagapi\",\"isPartOf\":{\"@id\":\"https:\\\/\\\/claudiagapi.com\\\/fr\\\/#website\"},\"datePublished\":\"2023-07-28T08:39:48+00:00\",\"dateModified\":\"2025-08-22T15:30:59+00:00\",\"breadcrumb\":{\"@id\":\"https:\\\/\\\/claudiagapi.com\\\/fr\\\/ueber-uns\\\/#breadcrumb\"},\"inLanguage\":\"fr-FR\",\"potentialAction\":[{\"@type\":\"ReadAction\",\"target\":[\"https:\\\/\\\/claudiagapi.com\\\/fr\\\/ueber-uns\\\/\"]}]},{\"@type\":\"BreadcrumbList\",\"@id\":\"https:\\\/\\\/claudiagapi.com\\\/fr\\\/ueber-uns\\\/#breadcrumb\",\"itemListElement\":[{\"@type\":\"ListItem\",\"position\":1,\"name\":\"Startseite\",\"item\":\"https:\\\/\\\/claudiagapi.com\\\/fr\\\/\"},{\"@type\":\"ListItem\",\"position\":2,\"name\":\"\u00c0 propos de nous\"}]},{\"@type\":\"WebSite\",\"@id\":\"https:\\\/\\\/claudiagapi.com\\\/fr\\\/#website\",\"url\":\"https:\\\/\\\/claudiagapi.com\\\/fr\\\/\",\"name\":\"Claudiagapi\",\"description\":\"\",\"potentialAction\":[{\"@type\":\"SearchAction\",\"target\":{\"@type\":\"EntryPoint\",\"urlTemplate\":\"https:\\\/\\\/claudiagapi.com\\\/fr\\\/?s={search_term_string}\"},\"query-input\":{\"@type\":\"PropertyValueSpecification\",\"valueRequired\":true,\"valueName\":\"search_term_string\"}}],\"inLanguage\":\"fr-FR\"}]}<\/script>\n<!-- \/ Yoast SEO plugin. -->","yoast_head_json":{"title":"\u00c0 propos de nous - Claudiagapi","robots":{"index":"index","follow":"follow","max-snippet":"max-snippet:-1","max-image-preview":"max-image-preview:large","max-video-preview":"max-video-preview:-1"},"canonical":"https:\/\/claudiagapi.com\/fr\/ueber-uns\/","og_locale":"fr_FR","og_type":"article","og_title":"\u00c0 propos de nous - Claudiagapi","og_description":"Notre centre de retraite ClaudiAgapi.Nous vous pr\u00e9sentons notre nouveau centre de retraite ClaudiAgapi \u00e0 Agios Stefanos, pr\u00e8s d'Arillas, \u00e0 Corfou, en Gr\u00e8ce. Un endroit merveilleux pour vos vacances, vos ateliers, vos \u00e9v\u00e9nements, votre yoga, votre m\u00e9ditation et vos r\u00e9unions [&hellip;]","og_url":"https:\/\/claudiagapi.com\/fr\/ueber-uns\/","og_site_name":"Claudiagapi","article_modified_time":"2025-08-22T15:30:59+00:00","twitter_card":"summary_large_image","twitter_misc":{"Dur\u00e9e de lecture estim\u00e9e":"3 minutes"},"schema":{"@context":"https:\/\/schema.org","@graph":[{"@type":"WebPage","@id":"https:\/\/claudiagapi.com\/fr\/ueber-uns\/","url":"https:\/\/claudiagapi.com\/fr\/ueber-uns\/","name":"\u00c0 propos de nous - Claudiagapi","isPartOf":{"@id":"https:\/\/claudiagapi.com\/fr\/#website"},"datePublished":"2023-07-28T08:39:48+00:00","dateModified":"2025-08-22T15:30:59+00:00","breadcrumb":{"@id":"https:\/\/claudiagapi.com\/fr\/ueber-uns\/#breadcrumb"},"inLanguage":"fr-FR","potentialAction":[{"@type":"ReadAction","target":["https:\/\/claudiagapi.com\/fr\/ueber-uns\/"]}]},{"@type":"BreadcrumbList","@id":"https:\/\/claudiagapi.com\/fr\/ueber-uns\/#breadcrumb","itemListElement":[{"@type":"ListItem","position":1,"name":"Startseite","item":"https:\/\/claudiagapi.com\/fr\/"},{"@type":"ListItem","position":2,"name":"\u00c0 propos de nous"}]},{"@type":"WebSite","@id":"https:\/\/claudiagapi.com\/fr\/#website","url":"https:\/\/claudiagapi.com\/fr\/","name":"Claudiagapi","description":"","potentialAction":[{"@type":"SearchAction","target":{"@type":"EntryPoint","urlTemplate":"https:\/\/claudiagapi.com\/fr\/?s={search_term_string}"},"query-input":{"@type":"PropertyValueSpecification","valueRequired":true,"valueName":"search_term_string"}}],"inLanguage":"fr-FR"}]}},"_links":{"self":[{"href":"https:\/\/claudiagapi.com\/fr\/wp-json\/wp\/v2\/pages\/826","targetHints":{"allow":["GET"]}}],"collection":[{"href":"https:\/\/claudiagapi.com\/fr\/wp-json\/wp\/v2\/pages"}],"about":[{"href":"https:\/\/claudiagapi.com\/fr\/wp-json\/wp\/v2\/types\/page"}],"author":[{"embeddable":true,"href":"https:\/\/claudiagapi.com\/fr\/wp-json\/wp\/v2\/users\/2"}],"replies":[{"embeddable":true,"href":"https:\/\/claudiagapi.com\/fr\/wp-json\/wp\/v2\/comments?post=826"}],"version-history":[{"count":11,"href":"https:\/\/claudiagapi.com\/fr\/wp-json\/wp\/v2\/pages\/826\/revisions"}],"predecessor-version":[{"id":1426,"href":"https:\/\/claudiagapi.com\/fr\/wp-json\/wp\/v2\/pages\/826\/revisions\/1426"}],"wp:attachment":[{"href":"https:\/\/claudiagapi.com\/fr\/wp-json\/wp\/v2\/media?parent=826"}],"wp:term":[{"taxonomy":"dipi_cpt_category","embeddable":true,"href":"https:\/\/claudiagapi.com\/fr\/wp-json\/wp\/v2\/dipi_cpt_category?post=826"}],"curies":[{"name":"wp","href":"https:\/\/api.w.org\/{rel}","templated":true}]}}